{"id":1155,"date":"2025-12-11T15:46:54","date_gmt":"2025-12-11T20:46:54","guid":{"rendered":"https:\/\/autobusesaga.com\/?page_id=1155"},"modified":"2026-01-28T19:36:16","modified_gmt":"2026-01-29T00:36:16","slug":"contacto","status":"publish","type":"page","link":"https:\/\/autobusesaga.com\/?page_id=1155","title":{"rendered":"Contacto"},"content":{"rendered":"\t\t<div data-elementor-type=\"wp-page\" data-elementor-id=\"1155\" class=\"elementor elementor-1155\" data-elementor-post-type=\"page\">\n\t\t\t\t<div class=\"elementor-element elementor-element-5e9bb00 e-flex e-con-boxed e-con e-parent\" data-id=\"5e9bb00\" data-element_type=\"container\">\n\t\t\t\t\t<div class=\"e-con-inner\">\n\t\t<div class=\"elementor-element elementor-element-bcf47e2 e-con-full e-flex e-con e-child\" data-id=\"bcf47e2\" data-element_type=\"container\">\n\t\t\t\t\t\t\t<h2 class=\"e-22b3db4-c352555 e-heading-base\"  >\n\t\t\tL\u00cdDERES EN FABRICACI\u00d3N\n\t\t<\/h2>\n\t\t\t\t\t\t\t<h2 class=\"e-057c12a-da6c282 e-heading-base\"  >\n\t\t\tDE AUTOBUSES Y AUTOCARES EN COLOMBIA\n\t\t<\/h2>\n\t\t\t\t<\/div>\n\t\t<div class=\"elementor-element elementor-element-ba33384 e-grid e-con-full e-con e-child\" data-id=\"ba33384\" data-element_type=\"container\">\n\t\t<div class=\"elementor-element elementor-element-5feff78 e-flex e-con-boxed e-con e-child\" data-id=\"5feff78\" data-element_type=\"container\">\n\t\t\t\t\t<div class=\"e-con-inner\">\n\t\t<div class=\"elementor-element elementor-element-832946c e-con-full e-flex e-con e-child\" data-id=\"832946c\" data-element_type=\"container\" data-settings=\"{&quot;background_background&quot;:&quot;classic&quot;}\">\n\t\t\t\t<div class=\"elementor-element elementor-element-d46dc73 elementor-widget elementor-widget-spacer\" data-id=\"d46dc73\" data-element_type=\"widget\" data-widget_type=\"spacer.default\">\n\t\t\t\t<div class=\"elementor-widget-container\">\n\t\t\t\t\t\t\t<div class=\"elementor-spacer\">\n\t\t\t<div class=\"elementor-spacer-inner\"><\/div>\n\t\t<\/div>\n\t\t\t\t\t\t<\/div>\n\t\t\t\t<\/div>\n\t\t\t\t<\/div>\n\t\t\t\t<div class=\"elementor-element elementor-element-ea6a218 elementor-widget elementor-widget-text-editor\" data-id=\"ea6a218\" data-element_type=\"widget\" data-widget_type=\"text-editor.default\">\n\t\t\t\t<div class=\"elementor-widget-container\">\n\t\t\t\t\t\t\t\t\t<p><strong>DIRECCI\u00d3N PLANTA PRINCIPAL<\/strong><br \/>Calle 2 # 2 &#8211; 20, Ciudadela Industrial Duitama, Boyac\u00e1.<\/p>\t\t\t\t\t\t\t\t<\/div>\n\t\t\t\t<\/div>\n\t\t\t\t\t<\/div>\n\t\t\t\t<\/div>\n\t\t\t\t<\/div>\n\t\t\t\t\t<\/div>\n\t\t\t\t<\/div>\n\t\t<div class=\"elementor-element elementor-element-c3d0e3b e-flex e-con-boxed e-con e-parent\" data-id=\"c3d0e3b\" data-element_type=\"container\">\n\t\t\t\t\t<div class=\"e-con-inner\">\n\t\t<div class=\"elementor-element elementor-element-4cf2df6 e-grid e-con-full e-con e-child\" data-id=\"4cf2df6\" data-element_type=\"container\">\n\t\t<div class=\"elementor-element elementor-element-1bc6341 e-con-full e-flex e-con e-child\" data-id=\"1bc6341\" data-element_type=\"container\" data-settings=\"{&quot;background_background&quot;:&quot;classic&quot;}\">\n\t\t\t\t\t<div class=\"e-svg-base e-6d3a049-de97f82\" ><svg xmlns=\"http:\/\/www.w3.org\/2000\/svg\" style=\"width: 100%; height: 100%; overflow: unset;\" width=\"40\" height=\"40\" viewBox=\"0 0 40 40\" fill=\"currentColor\"><path d=\"M21.6664 11.6664C21.6664 12.5864 20.9197 13.3331 19.9997 13.3331C19.0797 13.3331 18.333 12.5864 18.333 11.6664C18.333 10.7464 19.0797 9.99976 19.9997 9.99976C20.9197 9.99976 21.6664 10.7464 21.6664 11.6664ZM39.9997 32.4998V20.5914C39.9997 9.78143 31.828 0.756429 21.3964 0.0464292C15.6147 -0.346904 9.93636 1.7731 5.84802 5.86643C1.76135 9.96143 -0.351979 15.6298 0.048021 21.4231C0.783021 32.0131 10.1714 39.9998 21.888 39.9998H32.4997C36.6347 39.9998 39.9997 36.6348 39.9997 32.4998ZM21.283 1.70976C30.8447 2.35976 38.333 10.6531 38.333 20.5914V32.4998C38.333 35.7164 35.7164 38.3331 32.4997 38.3331H21.888C10.8814 38.3331 2.39635 31.1731 1.71302 21.3098C1.34469 15.9964 3.28135 10.7964 7.02802 7.04476C10.478 3.58976 15.158 1.66643 20.028 1.66643C20.4447 1.66643 20.8647 1.67976 21.283 1.7081V1.70976ZM21.6664 30.8331V19.1664C21.6664 17.7881 20.5447 16.6664 19.1664 16.6664H17.4997C17.0397 16.6664 16.6664 17.0398 16.6664 17.4998C16.6664 17.9598 17.0397 18.3331 17.4997 18.3331H19.1664C19.6247 18.3331 19.9997 18.7081 19.9997 19.1664V30.8331C19.9997 31.2931 20.373 31.6664 20.833 31.6664C21.293 31.6664 21.6664 31.2931 21.6664 30.8331Z\" fill=\"#1D1D1B\"><\/path><\/svg><\/div>\t\t\t\t\t\t\t<h2 class=\"e-bbf6a5d-6202bb4 e-heading-base\"  >\n\t\t\tInformaci\u00f3n\n\t\t<\/h2>\n\t\t\t\t\t\t\t<h2 class=\"e-74d193a-c7d2b5e e-heading-base\"  >\n\t\t\tinfo@autobusesaga.com\n\t\t<\/h2>\n\t\t\t\t<\/div>\n\t\t<div class=\"elementor-element elementor-element-6138fab e-con-full e-flex e-con e-child\" data-id=\"6138fab\" data-element_type=\"container\" data-settings=\"{&quot;background_background&quot;:&quot;classic&quot;}\">\n\t\t\t\t\t<div class=\"e-svg-base e-f72e670-ecc155f\" ><svg xmlns=\"http:\/\/www.w3.org\/2000\/svg\" style=\"width: 100%; height: 100%; overflow: unset;\" width=\"40\" height=\"40\" viewBox=\"0 0 40 40\" fill=\"currentColor\"><path d=\"M22.5 38.3336H7.5C4.28333 38.3336 1.66667 35.717 1.66667 32.5003V7.50029C1.66667 4.28362 4.28333 1.66695 7.5 1.66695H16.6917C17.25 1.66695 17.7967 1.73029 18.3333 1.82695V10.8336C18.3333 13.1303 20.2033 15.0003 22.5 15.0003H31.4817C31.5367 15.3003 31.6117 15.5953 31.635 15.902C31.6733 16.3603 32.0867 16.7003 32.5333 16.6653C32.9917 16.6286 33.3333 16.2253 33.2967 15.767C33.0883 13.207 31.975 10.7986 30.1583 8.98362L24.35 3.17529C22.3033 1.12862 19.5833 0.00195374 16.69 0.00195374H7.5C3.365 0.000287077 0 3.36529 0 7.50029V32.5003C0 36.6353 3.365 40.0003 7.5 40.0003H22.5C22.96 40.0003 23.3333 39.627 23.3333 39.167C23.3333 38.707 22.96 38.3336 22.5 38.3336ZM28.9817 10.1603C29.8867 11.0653 30.555 12.157 31.0133 13.3336H22.5C21.1217 13.3336 20 12.212 20 10.8336V2.29862C21.1733 2.75362 22.2567 3.43529 23.1733 4.35029L28.9817 10.1586V10.1603ZM39.755 38.577L30.9967 29.8186L34.8183 25.997L35.5433 26.722C36.2967 27.4986 37.4967 26.297 36.7217 25.5436L28.9217 17.7436C28.5967 17.4186 28.0683 17.4186 27.7433 17.7436C27.4183 18.0686 27.4183 18.597 27.7433 18.922L28.425 19.6036L19.6033 28.4253L18.9217 27.7436C18.5967 27.4186 18.0683 27.4186 17.7433 27.7436C17.4183 28.0686 17.4183 28.597 17.7433 28.922L25.5433 36.722C26.2967 37.4986 27.4967 36.297 26.7217 35.5436L25.9967 34.8186L29.8183 30.997L38.5767 39.7553C39.33 40.532 40.53 39.3303 39.755 38.577ZM20.7817 29.6036L29.6033 20.782L33.64 24.8186L24.8183 33.6403L20.7817 29.6036ZM6.66667 14.167C6.66667 13.707 7.04 13.3336 7.5 13.3336H14.1667C14.6267 13.3336 15 13.707 15 14.167C15 14.627 14.6267 15.0003 14.1667 15.0003H7.5C7.04 15.0003 6.66667 14.627 6.66667 14.167ZM22.5 20.0003H7.5C7.04 20.0003 6.66667 19.627 6.66667 19.167C6.66667 18.707 7.04 18.3336 7.5 18.3336H22.5C22.96 18.3336 23.3333 18.707 23.3333 19.167C23.3333 19.627 22.96 20.0003 22.5 20.0003ZM17.5 25.0003H7.5C7.04 25.0003 6.66667 24.627 6.66667 24.167C6.66667 23.707 7.04 23.3336 7.5 23.3336H17.5C17.96 23.3336 18.3333 23.707 18.3333 24.167C18.3333 24.627 17.96 25.0003 17.5 25.0003ZM12.5 28.3336C12.96 28.3336 13.3333 28.707 13.3333 29.167C13.3333 29.627 12.96 30.0003 12.5 30.0003H7.5C7.04 30.0003 6.66667 29.627 6.66667 29.167C6.66667 28.707 7.04 28.3336 7.5 28.3336H12.5Z\" fill=\"#1D1D1B\"><\/path><\/svg><\/div>\t\t\t\t\t\t\t<h2 class=\"e-7069d7c-dd6e6f6 e-heading-base\"  >\n\t\t\tOficina jur\u00eddica\n\t\t<\/h2>\n\t\t\t\t\t\t\t<h2 class=\"e-a38a584-cbfe903 e-heading-base\"  >\n\t\t\tjuridica@autobusesaga.com\n\t\t<\/h2>\n\t\t\t\t<\/div>\n\t\t\t\t<\/div>\n\t\t\t\t\t<\/div>\n\t\t\t\t<\/div>\n\t\t<div class=\"elementor-element elementor-element-87df3b0 e-flex e-con-boxed e-con e-parent\" data-id=\"87df3b0\" data-element_type=\"container\">\n\t\t\t\t\t<div class=\"e-con-inner\">\n\t\t<div class=\"elementor-element elementor-element-d81de8c e-grid e-con-full e-con e-child\" data-id=\"d81de8c\" data-element_type=\"container\">\n\t\t\t\t<div class=\"elementor-element elementor-element-30b64df elementor-button-align-center elementor-widget elementor-widget-form\" data-id=\"30b64df\" data-element_type=\"widget\" data-settings=\"{&quot;step_next_label&quot;:&quot;Next&quot;,&quot;step_previous_label&quot;:&quot;Previous&quot;,&quot;button_width&quot;:&quot;100&quot;,&quot;step_type&quot;:&quot;number_text&quot;,&quot;step_icon_shape&quot;:&quot;circle&quot;}\" data-widget_type=\"form.default\">\n\t\t\t\t<div class=\"elementor-widget-container\">\n\t\t\t\t\t\t\t<form class=\"elementor-form\" method=\"post\" name=\"New Form\" aria-label=\"New Form\">\n\t\t\t<input type=\"hidden\" name=\"post_id\" value=\"1155\"\/>\n\t\t\t<input type=\"hidden\" name=\"form_id\" value=\"30b64df\"\/>\n\t\t\t<input type=\"hidden\" name=\"referer_title\" value=\"Contacto\" \/>\n\n\t\t\t\t\t\t\t<input type=\"hidden\" name=\"queried_id\" value=\"1155\"\/>\n\t\t\t\n\t\t\t<div class=\"elementor-form-fields-wrapper elementor-labels-above\">\n\t\t\t\t\t\t\t\t<div class=\"elementor-field-type-text elementor-field-group elementor-column elementor-field-group-name elementor-col-50 elementor-field-required\">\n\t\t\t\t\t\t\t\t\t\t\t\t<label for=\"form-field-name\" class=\"elementor-field-label\">\n\t\t\t\t\t\t\t\tNombre y Apellido\t\t\t\t\t\t\t<\/label>\n\t\t\t\t\t\t\t\t\t\t\t\t\t\t<input size=\"1\" type=\"text\" name=\"form_fields[name]\" id=\"form-field-name\" class=\"elementor-field elementor-size-sm  elementor-field-textual\" placeholder=\"Nombre y Apellido\" required=\"required\">\n\t\t\t\t\t\t\t\t\t\t\t<\/div>\n\t\t\t\t\t\t\t\t<div class=\"elementor-field-type-text elementor-field-group elementor-column elementor-field-group-field_ace01d9 elementor-col-50 elementor-field-required\">\n\t\t\t\t\t\t\t\t\t\t\t\t<label for=\"form-field-field_ace01d9\" class=\"elementor-field-label\">\n\t\t\t\t\t\t\t\tEmpresa\t\t\t\t\t\t\t<\/label>\n\t\t\t\t\t\t\t\t\t\t\t\t\t\t<input size=\"1\" type=\"text\" name=\"form_fields[field_ace01d9]\" id=\"form-field-field_ace01d9\" class=\"elementor-field elementor-size-sm  elementor-field-textual\" placeholder=\"Empresa\" required=\"required\">\n\t\t\t\t\t\t\t\t\t\t\t<\/div>\n\t\t\t\t\t\t\t\t<div class=\"elementor-field-type-text elementor-field-group elementor-column elementor-field-group-field_00c991a elementor-col-50 elementor-field-required\">\n\t\t\t\t\t\t\t\t\t\t\t\t<label for=\"form-field-field_00c991a\" class=\"elementor-field-label\">\n\t\t\t\t\t\t\t\tTel\u00e9fono\t\t\t\t\t\t\t<\/label>\n\t\t\t\t\t\t\t\t\t\t\t\t\t\t<input size=\"1\" type=\"text\" name=\"form_fields[field_00c991a]\" id=\"form-field-field_00c991a\" class=\"elementor-field elementor-size-sm  elementor-field-textual\" placeholder=\"Tel\u00e9fono\" required=\"required\">\n\t\t\t\t\t\t\t\t\t\t\t<\/div>\n\t\t\t\t\t\t\t\t<div class=\"elementor-field-type-email elementor-field-group elementor-column elementor-field-group-field_b3956a3 elementor-col-50 elementor-field-required\">\n\t\t\t\t\t\t\t\t\t\t\t\t<label for=\"form-field-field_b3956a3\" class=\"elementor-field-label\">\n\t\t\t\t\t\t\t\tCorreo electr\u00f3nico\t\t\t\t\t\t\t<\/label>\n\t\t\t\t\t\t\t\t\t\t\t\t\t\t<input size=\"1\" type=\"email\" name=\"form_fields[field_b3956a3]\" id=\"form-field-field_b3956a3\" class=\"elementor-field elementor-size-sm  elementor-field-textual\" placeholder=\"Correo electr\u00f3nicoCorreo electr\u00f3nico\" required=\"required\">\n\t\t\t\t\t\t\t\t\t\t\t<\/div>\n\t\t\t\t\t\t\t\t<div class=\"elementor-field-type-text elementor-field-group elementor-column elementor-field-group-field_e0bec78 elementor-col-100 elementor-field-required\">\n\t\t\t\t\t\t\t\t\t\t\t\t<label for=\"form-field-field_e0bec78\" class=\"elementor-field-label\">\n\t\t\t\t\t\t\t\tAsunto\t\t\t\t\t\t\t<\/label>\n\t\t\t\t\t\t\t\t\t\t\t\t\t\t<input size=\"1\" type=\"text\" name=\"form_fields[field_e0bec78]\" id=\"form-field-field_e0bec78\" class=\"elementor-field elementor-size-sm  elementor-field-textual\" placeholder=\"Asunto\" required=\"required\">\n\t\t\t\t\t\t\t\t\t\t\t<\/div>\n\t\t\t\t\t\t\t\t<div class=\"elementor-field-type-textarea elementor-field-group elementor-column elementor-field-group-field_5001a24 elementor-col-100 elementor-field-required\">\n\t\t\t\t\t\t\t\t\t\t\t\t<label for=\"form-field-field_5001a24\" class=\"elementor-field-label\">\n\t\t\t\t\t\t\t\tMensaje\/Comentarios\t\t\t\t\t\t\t<\/label>\n\t\t\t\t\t\t<textarea class=\"elementor-field-textual elementor-field  elementor-size-sm\" name=\"form_fields[field_5001a24]\" id=\"form-field-field_5001a24\" rows=\"4\" placeholder=\"Mensaje\/Comentarios\" required=\"required\"><\/textarea>\t\t\t\t<\/div>\n\t\t\t\t\t\t\t\t<div class=\"elementor-field-type-acceptance elementor-field-group elementor-column elementor-field-group-field_3c3e4b1 elementor-col-100 elementor-field-required\">\n\t\t\t\t\t\t\t\t\t\t\t\t<label for=\"form-field-field_3c3e4b1\" class=\"elementor-field-label\">\n\t\t\t\t\t\t\t\tAcepto los t\u00e9rminos y condiciones\t\t\t\t\t\t\t<\/label>\n\t\t\t\t\t\t\t\t<div class=\"elementor-field-subgroup\">\n\t\t\t<span class=\"elementor-field-option\">\n\t\t\t\t<input type=\"checkbox\" name=\"form_fields[field_3c3e4b1]\" id=\"form-field-field_3c3e4b1\" class=\"elementor-field elementor-size-sm  elementor-acceptance-field\" required=\"required\" checked=\"checked\">\n\t\t\t\t<label for=\"form-field-field_3c3e4b1\">Al marcar esta casilla, aceptas los t\u00e9rminos y condiciones<\/label>\t\t\t<\/span>\n\t\t<\/div>\n\t\t\t\t\t\t<\/div>\n\t\t\t\t\t\t\t\t<div class=\"elementor-field-group elementor-column elementor-field-type-submit elementor-col-100 e-form__buttons\">\n\t\t\t\t\t<button class=\"elementor-button elementor-size-sm\" type=\"submit\">\n\t\t\t\t\t\t<span class=\"elementor-button-content-wrapper\">\n\t\t\t\t\t\t\t\t\t\t\t\t\t\t\t<span class=\"elementor-button-icon\">\n\t\t\t\t\t\t\t\t\t<svg xmlns=\"http:\/\/www.w3.org\/2000\/svg\" id=\"Layer_1\" data-name=\"Layer 1\" viewBox=\"0 0 24 24\" width=\"512\" height=\"512\"><path d=\"M20,0H11c-.553,0-1,.448-1,1s.447,1,1,1h9c.179,0,.352,.024,.518,.068L.293,22.293c-.391,.391-.391,1.023,0,1.414,.195,.195,.451,.293,.707,.293s.512-.098,.707-.293L21.932,3.482c.044,.165,.068,.339,.068,.518V13c0,.552,.447,1,1,1s1-.448,1-1V4c0-2.206-1.794-4-4-4Z\"><\/path><\/svg>\t\t\t\t\t\t\t\t\t\t\t\t\t\t\t\t\t<\/span>\n\t\t\t\t\t\t\t\t\t\t\t\t\t\t\t\t\t\t\t\t\t\t<span class=\"elementor-button-text\">Solicitar servicio<\/span>\n\t\t\t\t\t\t\t\t\t\t\t\t\t<\/span>\n\t\t\t\t\t<\/button>\n\t\t\t\t<\/div>\n\t\t\t<\/div>\n\t\t<\/form>\n\t\t\t\t\t\t<\/div>\n\t\t\t\t<\/div>\n\t\t\t\t<\/div>\n\t\t\t\t\t<\/div>\n\t\t\t\t<\/div>\n\t\t<div class=\"elementor-element elementor-element-34479c2 e-flex e-con-boxed e-con e-parent\" data-id=\"34479c2\" data-element_type=\"container\">\n\t\t\t\t\t<div class=\"e-con-inner\">\n\t\t<div class=\"elementor-element elementor-element-48fa130 e-grid e-con-full e-con e-child\" data-id=\"48fa130\" data-element_type=\"container\">\n\t\t\t\t<div class=\"elementor-element elementor-element-ebc92b2 elementor-widget elementor-widget-google_maps\" data-id=\"ebc92b2\" data-element_type=\"widget\" data-widget_type=\"google_maps.default\">\n\t\t\t\t<div class=\"elementor-widget-container\">\n\t\t\t\t\t\t\t<div class=\"elementor-custom-embed\">\n\t\t\t<iframe loading=\"lazy\"\n\t\t\t\t\tsrc=\"https:\/\/maps.google.com\/maps?q=Calle%202%20N%C2%BA%202%20-%2020%20Ciudadela%20Industrial%2C%20Duitama%2C%20Boyaca%C2%A0150468&#038;t=m&#038;z=17&#038;output=embed&#038;iwloc=near\"\n\t\t\t\t\ttitle=\"Calle 2 N\u00ba 2 - 20 Ciudadela Industrial, Duitama, Boyaca\u00a0150468\"\n\t\t\t\t\taria-label=\"Calle 2 N\u00ba 2 - 20 Ciudadela Industrial, Duitama, Boyaca\u00a0150468\"\n\t\t\t><\/iframe>\n\t\t<\/div>\n\t\t\t\t\t\t<\/div>\n\t\t\t\t<\/div>\n\t\t\t\t<\/div>\n\t\t\t\t\t<\/div>\n\t\t\t\t<\/div>\n\t\t\t\t<\/div>\n\t\t","protected":false},"excerpt":{"rendered":"<p>L\u00cdDERES EN FABRICACI\u00d3N DE AUTOBUSES Y AUTOCARES EN COLOMBIA DIRECCI\u00d3N PLANTA PRINCIPALCalle 2 # 2 &#8211; 20, Ciudadela Industrial Duitama, [&hellip;]<\/p>\n","protected":false},"author":1,"featured_media":0,"parent":0,"menu_order":0,"comment_status":"closed","ping_status":"closed","template":"","meta":{"site-sidebar-layout":"no-sidebar","site-content-layout":"","ast-site-content-layout":"full-width-container","site-content-style":"default","site-sidebar-style":"default","ast-global-header-display":"disabled","ast-banner-title-visibility":"disabled","ast-main-header-display":"","ast-hfb-above-header-display":"","ast-hfb-below-header-display":"","ast-hfb-mobile-header-display":"","site-post-title":"","ast-breadcrumbs-content":"","ast-featured-img":"disabled","footer-sml-layout":"disabled","ast-disable-related-posts":"","theme-transparent-header-meta":"","adv-header-id-meta":"","stick-header-meta":"","header-above-stick-meta":"","header-main-stick-meta":"","header-below-stick-meta":"","astra-migrate-meta-layouts":"default","ast-page-background-enabled":"default","ast-page-background-meta":{"desktop":{"background-color":"var(--ast-global-color-5)","background-image":"","background-repeat":"repeat","background-position":"center center","background-size":"auto","background-attachment":"scroll","background-type":"","background-media":"","overlay-type":"","overlay-color":"","overlay-opacity":"","overlay-gradient":""},"tablet":{"background-color":"","background-image":"","background-repeat":"repeat","background-position":"center center","background-size":"auto","background-attachment":"scroll","background-type":"","background-media":"","overlay-type":"","overlay-color":"","overlay-opacity":"","overlay-gradient":""},"mobile":{"background-color":"","background-image":"","background-repeat":"repeat","background-position":"center center","background-size":"auto","background-attachment":"scroll","background-type":"","background-media":"","overlay-type":"","overlay-color":"","overlay-opacity":"","overlay-gradient":""}},"ast-content-background-meta":{"desktop":{"background-color":"var(--ast-global-color-4)","background-image":"","background-repeat":"repeat","background-position":"center center","background-size":"auto","background-attachment":"scroll","background-type":"","background-media":"","overlay-type":"","overlay-color":"","overlay-opacity":"","overlay-gradient":""},"tablet":{"background-color":"var(--ast-global-color-4)","background-image":"","background-repeat":"repeat","background-position":"center center","background-size":"auto","background-attachment":"scroll","background-type":"","background-media":"","overlay-type":"","overlay-color":"","overlay-opacity":"","overlay-gradient":""},"mobile":{"background-color":"var(--ast-global-color-4)","background-image":"","background-repeat":"repeat","background-position":"center center","background-size":"auto","background-attachment":"scroll","background-type":"","background-media":"","overlay-type":"","overlay-color":"","overlay-opacity":"","overlay-gradient":""}},"footnotes":""},"class_list":["post-1155","page","type-page","status-publish","hentry"],"_links":{"self":[{"href":"https:\/\/autobusesaga.com\/index.php?rest_route=\/wp\/v2\/pages\/1155","targetHints":{"allow":["GET"]}}],"collection":[{"href":"https:\/\/autobusesaga.com\/index.php?rest_route=\/wp\/v2\/pages"}],"about":[{"href":"https:\/\/autobusesaga.com\/index.php?rest_route=\/wp\/v2\/types\/page"}],"author":[{"embeddable":true,"href":"https:\/\/autobusesaga.com\/index.php?rest_route=\/wp\/v2\/users\/1"}],"replies":[{"embeddable":true,"href":"https:\/\/autobusesaga.com\/index.php?rest_route=%2Fwp%2Fv2%2Fcomments&post=1155"}],"version-history":[{"count":49,"href":"https:\/\/autobusesaga.com\/index.php?rest_route=\/wp\/v2\/pages\/1155\/revisions"}],"predecessor-version":[{"id":1716,"href":"https:\/\/autobusesaga.com\/index.php?rest_route=\/wp\/v2\/pages\/1155\/revisions\/1716"}],"wp:attachment":[{"href":"https:\/\/autobusesaga.com\/index.php?rest_route=%2Fwp%2Fv2%2Fmedia&parent=1155"}],"curies":[{"name":"wp","href":"https:\/\/api.w.org\/{rel}","templated":true}]}}