{"id":1162,"date":"2025-12-11T15:48:40","date_gmt":"2025-12-11T20:48:40","guid":{"rendered":"https:\/\/autobusesaga.com\/?page_id=1162"},"modified":"2025-12-15T16:18:43","modified_gmt":"2025-12-15T21:18:43","slug":"homenaje-don-aga","status":"publish","type":"page","link":"https:\/\/autobusesaga.com\/?page_id=1162","title":{"rendered":"Homenaje Don AGA"},"content":{"rendered":"\t\t<div data-elementor-type=\"wp-page\" data-elementor-id=\"1162\" class=\"elementor elementor-1162\" data-elementor-post-type=\"page\">\n\t\t\t\t<div class=\"elementor-element elementor-element-bdf9bbb e-flex e-con-boxed e-con e-parent\" data-id=\"bdf9bbb\" data-element_type=\"container\">\n\t\t\t\t\t<div class=\"e-con-inner\">\n\t\t\t\t\t\t\t\n\t\t<img class=\"e-image-base \"  \n\t\t\t\t\t\t\t\t\tid=\"1597\"\n\t\t\t\t\t\t\t\t\t\t\t\tsrc=\"https:\/\/autobusesaga.com\/wp-content\/uploads\/2025\/12\/qaqaq1.webp\"\n\t\t\t\t\t\t\t\t\t\t\t\twidth=\"976\"\n\t\t\t\t\t\t\t\t\t\t\t\theight=\"684\"\n\t\t\t\t\t\t\t\t\t\t\t\tsrcset=\"https:\/\/autobusesaga.com\/wp-content\/uploads\/2025\/12\/qaqaq1.webp 976w, https:\/\/autobusesaga.com\/wp-content\/uploads\/2025\/12\/qaqaq1-300x210.webp 300w, https:\/\/autobusesaga.com\/wp-content\/uploads\/2025\/12\/qaqaq1-768x538.webp 768w\"\n\t\t\t\t\t\t\t\t\t\t\t\talt=\"\"\n\t\t\t\t\t\t\/>\n\t\t\t<div class=\"elementor-element elementor-element-54e3240 e-con-full e-flex e-con e-child\" data-id=\"54e3240\" data-element_type=\"container\">\n\t\t\t\t<div class=\"elementor-element elementor-element-9be864c elementor-widget elementor-widget-heading\" data-id=\"9be864c\" data-element_type=\"widget\" data-widget_type=\"heading.default\">\n\t\t\t\t<div class=\"elementor-widget-container\">\n\t\t\t\t\t<h2 class=\"elementor-heading-title elementor-size-default\">Homenaje Don AGA<\/h2>\t\t\t\t<\/div>\n\t\t\t\t<\/div>\n\t\t\t\t\t\t\t<h2 class=\"e-cfd5521-54a9a55 e-heading-base\"  >\n\t\t\tDon Aga, fundador y alma de nuestra historia\n\t\t<\/h2>\n\t\t\t\t<div class=\"elementor-element elementor-element-d2c4fff elementor-widget elementor-widget-text-editor\" data-id=\"d2c4fff\" data-element_type=\"widget\" data-widget_type=\"text-editor.default\">\n\t\t\t\t<div class=\"elementor-widget-container\">\n\t\t\t\t\t\t\t\t\t<p>Armando Guti\u00e9rrez Acevedo, conocido por todos como Don Aga, fue el visionario que encendi\u00f3 la chispa fundacional de nuestra historia. A los 22 a\u00f1os, lider\u00f3 la creaci\u00f3n de la primera f\u00e1brica de carrocer\u00edas met\u00e1licas para buses en Duitama, dando origen a Autocol y a las emblem\u00e1ticas carrocer\u00edas Muisca. Su empuje, liderazgo y vocaci\u00f3n por el desarrollo colectivo marcaron m\u00e1s de cinco d\u00e9cadas de industria, transformaci\u00f3n y esperanza.<br \/>Hijo de campesinos y con formaci\u00f3n emp\u00edrica, Don Aga fue un autodidacta apasionado por la lectura, la pol\u00edtica y la econom\u00eda. Fundador de la Cooperativa Industrial de Boyac\u00e1 y promotor incansable de la Ciudadela Industrial de Duitama, sembr\u00f3 tejido empresarial donde antes solo hab\u00eda utop\u00eda.<\/p><p>En 1977, tras retirarse de Autocol, fund\u00f3 Autobuses AGA de Colombia, empresa insignia de la industria carrocera nacional, con la que enfrent\u00f3 y super\u00f3 m\u00faltiples crisis, incluida una liquidaci\u00f3n revertida gracias a su tenacidad y a un modelo basado en la autogesti\u00f3n y la confianza mutua.<br \/>Su liderazgo humano se reflejaba en su cotidianidad: \u201cel peor sitio para ver el mundo es el escritorio\u201d, dec\u00eda, y por eso dedicaba el 80% de su tiempo a compartir con su equipo en la planta. Su modelo se sustent\u00f3 en el consejo, no en la orden; en el compromiso, no en la imposici\u00f3n.<\/p><p>En 2015 fue condecorado por el Senado de la Rep\u00fablica por su trayectoria empresarial. Don Aga falleci\u00f3 el 10 de abril de 2023, pero su legado vive en cada carrocer\u00eda, en cada conversaci\u00f3n y en cada persona que, como \u00e9l, cree que hacer empresa es una forma de servir. En AGA seguimos rodando con su ejemplo.<\/p>\t\t\t\t\t\t\t\t<\/div>\n\t\t\t\t<\/div>\n\t\t\t\t<\/div>\n\t\t\t\t\t<\/div>\n\t\t\t\t<\/div>\n\t\t\t\t<\/div>\n\t\t","protected":false},"excerpt":{"rendered":"<p>Homenaje Don AGA Don Aga, fundador y alma de nuestra historia Armando Guti\u00e9rrez Acevedo, conocido por todos como Don Aga, [&hellip;]<\/p>\n","protected":false},"author":1,"featured_media":0,"parent":0,"menu_order":0,"comment_status":"closed","ping_status":"closed","template":"","meta":{"site-sidebar-layout":"no-sidebar","site-content-layout":"","ast-site-content-layout":"full-width-container","site-content-style":"default","site-sidebar-style":"default","ast-global-header-display":"disabled","ast-banner-title-visibility":"disabled","ast-main-header-display":"","ast-hfb-above-header-display":"","ast-hfb-below-header-display":"","ast-hfb-mobile-header-display":"","site-post-title":"","ast-breadcrumbs-content":"","ast-featured-img":"disabled","footer-sml-layout":"disabled","ast-disable-related-posts":"","theme-transparent-header-meta":"","adv-header-id-meta":"","stick-header-meta":"","header-above-stick-meta":"","header-main-stick-meta":"","header-below-stick-meta":"","astra-migrate-meta-layouts":"default","ast-page-background-enabled":"default","ast-page-background-meta":{"desktop":{"background-color":"var(--ast-global-color-5)","background-image":"","background-repeat":"repeat","background-position":"center center","background-size":"auto","background-attachment":"scroll","background-type":"","background-media":"","overlay-type":"","overlay-color":"","overlay-opacity":"","overlay-gradient":""},"tablet":{"background-color":"","background-image":"","background-repeat":"repeat","background-position":"center center","background-size":"auto","background-attachment":"scroll","background-type":"","background-media":"","overlay-type":"","overlay-color":"","overlay-opacity":"","overlay-gradient":""},"mobile":{"background-color":"","background-image":"","background-repeat":"repeat","background-position":"center center","background-size":"auto","background-attachment":"scroll","background-type":"","background-media":"","overlay-type":"","overlay-color":"","overlay-opacity":"","overlay-gradient":""}},"ast-content-background-meta":{"desktop":{"background-color":"var(--ast-global-color-4)","background-image":"","background-repeat":"repeat","background-position":"center center","background-size":"auto","background-attachment":"scroll","background-type":"","background-media":"","overlay-type":"","overlay-color":"","overlay-opacity":"","overlay-gradient":""},"tablet":{"background-color":"var(--ast-global-color-4)","background-image":"","background-repeat":"repeat","background-position":"center center","background-size":"auto","background-attachment":"scroll","background-type":"","background-media":"","overlay-type":"","overlay-color":"","overlay-opacity":"","overlay-gradient":""},"mobile":{"background-color":"var(--ast-global-color-4)","background-image":"","background-repeat":"repeat","background-position":"center center","background-size":"auto","background-attachment":"scroll","background-type":"","background-media":"","overlay-type":"","overlay-color":"","overlay-opacity":"","overlay-gradient":""}},"footnotes":""},"class_list":["post-1162","page","type-page","status-publish","hentry"],"_links":{"self":[{"href":"https:\/\/autobusesaga.com\/index.php?rest_route=\/wp\/v2\/pages\/1162","targetHints":{"allow":["GET"]}}],"collection":[{"href":"https:\/\/autobusesaga.com\/index.php?rest_route=\/wp\/v2\/pages"}],"about":[{"href":"https:\/\/autobusesaga.com\/index.php?rest_route=\/wp\/v2\/types\/page"}],"author":[{"embeddable":true,"href":"https:\/\/autobusesaga.com\/index.php?rest_route=\/wp\/v2\/users\/1"}],"replies":[{"embeddable":true,"href":"https:\/\/autobusesaga.com\/index.php?rest_route=%2Fwp%2Fv2%2Fcomments&post=1162"}],"version-history":[{"count":22,"href":"https:\/\/autobusesaga.com\/index.php?rest_route=\/wp\/v2\/pages\/1162\/revisions"}],"predecessor-version":[{"id":1664,"href":"https:\/\/autobusesaga.com\/index.php?rest_route=\/wp\/v2\/pages\/1162\/revisions\/1664"}],"wp:attachment":[{"href":"https:\/\/autobusesaga.com\/index.php?rest_route=%2Fwp%2Fv2%2Fmedia&parent=1162"}],"curies":[{"name":"wp","href":"https:\/\/api.w.org\/{rel}","templated":true}]}}