{"id":1170,"date":"2025-12-11T16:02:49","date_gmt":"2025-12-11T21:02:49","guid":{"rendered":"https:\/\/autobusesaga.com\/?page_id=1170"},"modified":"2025-12-15T11:21:20","modified_gmt":"2025-12-15T16:21:20","slug":"servicios","status":"publish","type":"page","link":"https:\/\/autobusesaga.com\/?page_id=1170","title":{"rendered":"Servicios"},"content":{"rendered":"\t\t<div data-elementor-type=\"wp-page\" data-elementor-id=\"1170\" class=\"elementor elementor-1170\" data-elementor-post-type=\"page\">\n\t\t\t\t<div class=\"elementor-element elementor-element-c55c994 e-flex e-con-boxed e-con e-parent\" data-id=\"c55c994\" data-element_type=\"container\">\n\t\t\t\t\t<div class=\"e-con-inner\">\n\t\t\t\t\t\t\t<h2 class=\"e-fc07379-6c8f640 e-heading-base\"  >\n\t\t\tFABRICACI\u00d3N Y ENSAMBLAJE\n\t\t<\/h2>\n\t\t<div class=\"elementor-element elementor-element-fc5aa98 e-con-full e-flex e-con e-child\" data-id=\"fc5aa98\" data-element_type=\"container\">\n\t\t<div class=\"elementor-element elementor-element-4534f4e e-con-full e-flex e-con e-child\" data-id=\"4534f4e\" data-element_type=\"container\">\n\t\t\t\t<div class=\"elementor-element elementor-element-e97ef61 elementor-widget elementor-widget-image\" data-id=\"e97ef61\" data-element_type=\"widget\" data-widget_type=\"image.default\">\n\t\t\t\t<div class=\"elementor-widget-container\">\n\t\t\t\t\t\t\t\t\t\t\t\t\t\t\t<img fetchpriority=\"high\" decoding=\"async\" width=\"535\" height=\"312\" src=\"https:\/\/autobusesaga.com\/wp-content\/uploads\/2025\/12\/rectangle421x.webp\" class=\"attachment-large size-large wp-image-1458\" alt=\"\" srcset=\"https:\/\/autobusesaga.com\/wp-content\/uploads\/2025\/12\/rectangle421x.webp 535w, https:\/\/autobusesaga.com\/wp-content\/uploads\/2025\/12\/rectangle421x-300x175.webp 300w\" sizes=\"(max-width: 535px) 100vw, 535px\" \/>\t\t\t\t\t\t\t\t\t\t\t\t\t\t\t<\/div>\n\t\t\t\t<\/div>\n\t\t\t\t<\/div>\n\t\t<div class=\"elementor-element elementor-element-9ca5eb3 e-con-full e-flex e-con e-child\" data-id=\"9ca5eb3\" data-element_type=\"container\">\n\t\t\t\t\t<div class=\"e-svg-base e-fdf664d-57d0293\" ><svg xmlns=\"http:\/\/www.w3.org\/2000\/svg\" fill=\"currentColor\" style=\"width: 100%; height: 100%; overflow: unset;\" id=\"Layer_1\" data-name=\"Layer 1\" viewBox=\"0 0 24 24\" width=\"512\" height=\"512\"><path d=\"m17.418,15c-2.437,0-4.418,2.019-4.418,4.5,0,2.576,2.618,4.5,4.959,4.5h3.876c.706,0,1.368-.333,1.773-.89.387-.532.493-1.192.292-1.812-.764-2.352-2.621-6.297-6.482-6.297Zm5.381,7.522c-.217.299-.578.478-.964.478h-3.876c-1.831,0-3.959-1.529-3.959-3.5,0-1.93,1.534-3.5,3.418-3.5,3.229,0,4.851,3.512,5.531,5.606.102.312.047.646-.149.916Zm1.2-19.281c0-.867-.336-1.681-.948-2.292h-.001c-1.223-1.224-3.363-1.224-4.584,0L1.43,17.985c-.922.922-1.43,2.147-1.43,3.451v2.063c0,.276.224.5.5.5h2.064c1.304,0,2.529-.508,3.451-1.43L23.052,5.534c.611-.611.948-1.425.948-2.292ZM5.308,21.863c-.733.733-1.708,1.137-2.744,1.137h-1.564v-1.563c0-1.037.404-2.011,1.137-2.744L15.429,5.4l3.171,3.171-13.292,13.292ZM22.345,4.827l-3.038,3.038-3.171-3.171,3.038-3.038c.843-.845,2.325-.845,3.169,0h.001c.422.424.655.987.655,1.586s-.233,1.163-.655,1.585ZM.808,5.39C.225,4.717-.053,3.881.009,3.016c.062-.865.456-1.653,1.108-2.219C1.772.23,2.604-.047,3.474.015c.865.062,1.653.456,2.218,1.109l4.193,5.057c.176.213.147.528-.065.704-.215.177-.529.147-.704-.065L4.929,1.771c-.384-.444-.928-.716-1.527-.759-.593-.042-1.176.148-1.628.54-.453.393-.725.938-.768,1.536-.042.599.149,1.177.541,1.628l4.784,4.968c.191.199.186.515-.014.707-.097.093-.222.14-.347.14-.131,0-.262-.051-.36-.153L.808,5.39Z\"><\/path><\/svg><\/div>\t\t\t\t\t\t\t<h2 class=\"e-b64a1ba-51cb3e5 e-heading-base\"  >\n\t\t\tDISE\u00d1O E INGENIER\u00cdA\n\t\t<\/h2>\n\t\t\t\t<div class=\"elementor-element elementor-element-a507b10 elementor-widget elementor-widget-text-editor\" data-id=\"a507b10\" data-element_type=\"widget\" data-widget_type=\"text-editor.default\">\n\t\t\t\t<div class=\"elementor-widget-container\">\n\t\t\t\t\t\t\t\t\t<ul role=\"list\"><li>Metodolog\u00eda de dise\u00f1o estructurado.<\/li><li>Evoluci\u00f3n constante de nuestros dise\u00f1os.<\/li><li>Simulaci\u00f3n computacional de resistencia estructural de la carrocer\u00eda.<\/li><li>Adaptaci\u00f3n a chasis espec\u00edficos.<\/li><li>Semi-personalizada que se adapta al uso, imagen y necesidades de cada cliente.<\/li><\/ul>\t\t\t\t\t\t\t\t<\/div>\n\t\t\t\t<\/div>\n\t\t\t\t\t<div class=\"e-svg-base e-1b41533-03fe6ec\" ><svg xmlns=\"http:\/\/www.w3.org\/2000\/svg\" fill=\"currentColor\" style=\"width: 100%; height: 100%; overflow: unset;\" id=\"Layer_1\" viewBox=\"0 0 24 24\" data-name=\"Layer 1\"><path d=\"m23.204 9.196c-.498-.276-1.085-.262-1.605.066l-5.599 4.233v-2.948c0-.569-.297-1.075-.796-1.352s-1.085-.261-1.593.058l-5.611 3.989v-7.241h.5c.276 0 .5-.224.5-.5s-.224-.5-.5-.5h-8c-.276 0-.5.224-.5.5s.224.5.5.5h.5v13.5c0 2.481 2.019 4.5 4.5 4.5h14c2.481 0 4.5-2.019 4.5-4.5v-8.953c0-.569-.297-1.075-.796-1.352zm-.204 10.305c0 1.93-1.57 3.5-3.5 3.5h-14c-1.93 0-3.5-1.57-3.5-3.5v-13.5h5v13.5c0 .276.224.5.5.5s.5-.224.5-.5v-5.032l6.165-4.384c.246-.153.47-.061.554-.014s.281.187.281.477v3.953c-.013.4.489.65.802.398l6.363-4.814c.246-.153.469-.061.554-.014.084.047.281.187.281.477zm-11.3-3.5h-.4c-.717 0-1.3.583-1.3 1.3v1.4c0 .717.583 1.3 1.3 1.3h.4c.717 0 1.3-.583 1.3-1.3v-1.4c0-.717-.583-1.3-1.3-1.3zm.3 2.7c0 .165-.134.3-.3.3h-.4c-.166 0-.3-.135-.3-.3v-1.4c0-.165.134-.3.3-.3h.4c.166 0 .3.135.3.3zm7.7-2.7h-.4c-.717 0-1.3.583-1.3 1.3v1.4c0 .717.583 1.3 1.3 1.3h.4c.717 0 1.3-.583 1.3-1.3v-1.4c0-.717-.583-1.3-1.3-1.3zm.3 2.7c0 .165-.134.3-.3.3h-.4c-.166 0-.3-.135-.3-.3v-1.4c0-.165.134-.3.3-.3h.4c.166 0 .3.135.3.3zm-13.208-15.609c.141.023.365.052.628.084.573.071 1.531.19 1.84.319.506.212.9.543 1.109.931.604 1.121 1.796 1.787 3.146 1.523.89.907 2.211 1.279 3.468.904.108-.035.216-.016.275.041.748.714 1.721 1.106 2.74 1.106 1.217 0 2.353-.544 3.117-1.493s1.05-2.189.785-3.402c-.314-1.44-1.447-2.607-2.886-2.975-1.033-.265-2.061-.128-2.973.393-.068.041-.168.037-.243-.011-1.029-.63-2.343-.67-3.406-.116-.475-.259-1-.396-1.535-.396h-1.204c-1.14 0-3.953.483-5.264 1.404-.306.214-.449.591-.366.958.086.38.389.666.769.729zm4.862-2.091h1.204c.439 0 .872.136 1.252.392.166.111.38.113.549.006.792-.508 1.821-.522 2.62-.033.388.237.872.249 1.262.027.682-.39 1.452-.49 2.229-.293 1.059.271 1.925 1.162 2.156 2.219.2.916-.014 1.851-.587 2.562s-1.426 1.12-2.338 1.12c-.761 0-1.489-.295-2.049-.829-.229-.219-.538-.335-.859-.335-.131 0-.265.02-.396.06-.972.293-1.987-.049-2.62-.821-.127-.154-.333-.217-.525-.163-.21.061-.385.089-.55.089-.73 0-1.4-.402-1.75-1.05-.317-.589-.886-1.078-1.604-1.378-.403-.169-1.191-.276-2.103-.39-.166-.021-.315-.039-.436-.056 1.148-.701 3.549-1.127 4.545-1.127z\"><\/path><\/svg><\/div>\t\t\t\t\t\t\t<h2 class=\"e-7d2d9b9-4b49ff7 e-heading-base\"  >\n\t\t\tFABRICACI\u00d3N DE ESTRUCTURA\n\t\t<\/h2>\n\t\t\t\t<div class=\"elementor-element elementor-element-b34e763 elementor-widget elementor-widget-text-editor\" data-id=\"b34e763\" data-element_type=\"widget\" data-widget_type=\"text-editor.default\">\n\t\t\t\t<div class=\"elementor-widget-container\">\n\t\t\t\t\t\t\t\t\t<ul role=\"list\"><li>Tuberia estructural galvanizada.<\/li><li>Procesos de soldadura MIG, MAG , TIG.<\/li><li>Tratamiento anticorrosivo general.<\/li><li>Optimizaci\u00f3n de distribuci\u00f3n de cargas y absorci\u00f3n de impactos.<\/li><\/ul>\t\t\t\t\t\t\t\t<\/div>\n\t\t\t\t<\/div>\n\t\t\t\t<\/div>\n\t\t\t\t<\/div>\n\t\t<div class=\"elementor-element elementor-element-e83ae48 e-con-full e-flex e-con e-child\" data-id=\"e83ae48\" data-element_type=\"container\">\n\t\t<div class=\"elementor-element elementor-element-87b400d e-con-full e-flex e-con e-child\" data-id=\"87b400d\" data-element_type=\"container\">\n\t\t\t\t\t<div class=\"e-svg-base e-ea3295e-1d14e29\" ><svg xmlns=\"http:\/\/www.w3.org\/2000\/svg\" fill=\"currentColor\" style=\"width: 100%; height: 100%; overflow: unset;\" id=\"Layer_1\" data-name=\"Layer 1\" viewBox=\"0 0 24 24\"><path d=\"M12,23.949c-.077,0-.153-.018-.224-.053l-.425-.212c-2.194-1.098-9.354-5.191-9.354-11.8l.002-5.346c0-1.943,1.239-3.66,3.084-4.271L11.843,.025c.102-.034,.213-.034,.314,0l6.759,2.241c1.845,.612,3.084,2.329,3.084,4.271l-.003,5.346c0,7.498-7.172,10.967-9.37,11.852l-.441,.177c-.06,.024-.124,.036-.187,.036ZM12,1.027L5.398,3.216c-1.435,.476-2.398,1.811-2.398,3.322l-.002,5.346c0,6.035,6.736,9.874,8.801,10.906l.224,.112,.232-.093c2.051-.825,8.743-4.052,8.743-10.924l.003-5.346c0-1.511-.964-2.846-2.398-3.322L12,1.027Z\"><\/path><path d=\"M10.981,15c-.641,0-1.282-.244-1.77-.732l-3.056-2.905c-.2-.19-.208-.507-.018-.707,.19-.199,.506-.208,.707-.018l3.065,2.914c.594,.593,1.545,.594,2.13,.009l5.612-5.42c.2-.191,.517-.185,.707,.013,.192,.198,.187,.515-.012,.707l-5.607,5.414c-.483,.483-1.121,.726-1.759,.726Z\"><\/path><\/svg><\/div>\t\t\t\t\t\t\t<h2 class=\"e-22b8570-43aa44d e-heading-base\"  >\n\t\t\tCONTROL DE CALIDAD\n\t\t<\/h2>\n\t\t\t\t<div class=\"elementor-element elementor-element-087a9b3 elementor-widget elementor-widget-text-editor\" data-id=\"087a9b3\" data-element_type=\"widget\" data-widget_type=\"text-editor.default\">\n\t\t\t\t<div class=\"elementor-widget-container\">\n\t\t\t\t\t\t\t\t\t<ul role=\"list\"><li>Fabricaci\u00f3n basado en normas nacionales e internacionales.<\/li><li>Verificaci\u00f3n de calidad en cada proceso.<\/li><li>Pruebas de ruta de inspecci\u00f3n final<\/li><\/ul>\t\t\t\t\t\t\t\t<\/div>\n\t\t\t\t<\/div>\n\t\t\t\t\t<div class=\"e-svg-base e-7452b0b-1b56019\" ><svg xmlns=\"http:\/\/www.w3.org\/2000\/svg\" fill=\"currentColor\" style=\"width: 100%; height: 100%; overflow: unset;\" id=\"Layer_1\" viewBox=\"0 0 24 24\" data-name=\"Layer 1\"><path d=\"m23.879 7.422-1.962 5.203c-.308.819-1.105 1.359-1.977 1.359-1.813-.031-2.887-.456-4.233-1.511-.224-.162-.274-.474-.112-.698.161-.225.475-.274.698-.113.594.429 1.221.865 1.779 1.069.377.138 1.366.217 1.738.246.546.05.996-.241 1.171-.705l1.962-5.203c.202-.494-.144-1.105-.678-1.166-.47-.055-1.34-.131-1.571-.227-.717-.244-1.407-.797-2.075-1.332-.582-.466-1.184-.947-1.716-1.142-.393-.144-.906-.216-1.474-.204-.516.007-.984.348-1.164.848l-.508 1.33c-.098.258-.389.387-.645.289-.259-.099-.388-.387-.289-.646l.504-1.321c.317-.88 1.157-1.486 2.088-1.5.698-.007 1.323.079 1.83.264.687.25 1.354.784 1.998 1.3 1.03.918 1.853 1.325 3.16 1.349.558.078 1.044.402 1.332.889.293.493.345 1.083.143 1.62zm-13.701 5.742c-.256-.097-.547.031-.645.289l-3 7.869c-.099.258.03.547.289.646.251.098.547-.029.645-.289l3-7.869c.099-.258-.03-.547-.289-.646zm7.289 8.158c.099.258-.03.547-.289.646-.251.098-.547-.029-.645-.289l-3.999-10.487c-.288-.097-1.373-.397-2.432.099-.498.233-1.041.626-1.616 1.042-1.378 1.066-2.397 1.6-4.218 1.642-.961.078-1.858-.478-2.186-1.35l-1.961-5.203c-.202-.536-.15-1.127.143-1.62.288-.487.774-.811 1.332-.889 1.306-.023 2.13-.431 3.16-1.349.645-.516 1.312-1.05 1.997-1.3.509-.185 1.151-.267 1.831-.264.931.014 1.771.62 2.092 1.509l6.791 17.812zm-5.362-11.257-2.366-6.208c-.184-.508-.652-.849-1.168-.856-.551-.01-1.089.06-1.475.204-.531.194-1.133.676-1.715 1.142-.668.535-1.358 1.088-2.075 1.332-.23.095-1.103.171-1.571.227-.534.061-.88.672-.678 1.166l1.962 5.203c.175.463.616.751 1.129.708.414-.033 1.403-.112 1.78-.25.612-.223 1.304-.724 1.973-1.208.587-.425 1.194-.865 1.777-1.138.901-.424 1.798-.417 2.427-.32z\"><\/path><\/svg><\/div>\t\t\t\t\t\t\t<h2 class=\"e-c15ed29-e049669 e-heading-base\"  >\n\t\t\tACABADOS\n\t\t<\/h2>\n\t\t\t\t<div class=\"elementor-element elementor-element-c52ecc0 elementor-widget elementor-widget-text-editor\" data-id=\"c52ecc0\" data-element_type=\"widget\" data-widget_type=\"text-editor.default\">\n\t\t\t\t<div class=\"elementor-widget-container\">\n\t\t\t\t\t\t\t\t\t<ul role=\"list\"><li>Pinturas de alta calidad, durabilidad y brillo.<\/li><li>Accesorios de alta calidad.<\/li><li>Adhesivos industriales de alta resistencia.<\/li><li>Materias primas retardantes al fuego.<\/li><\/ul>\t\t\t\t\t\t\t\t<\/div>\n\t\t\t\t<\/div>\n\t\t\t\t<\/div>\n\t\t<div class=\"elementor-element elementor-element-cde33d9 e-con-full e-flex e-con e-child\" data-id=\"cde33d9\" data-element_type=\"container\">\n\t\t\t\t<div class=\"elementor-element elementor-element-246bc00 elementor-widget elementor-widget-image\" data-id=\"246bc00\" data-element_type=\"widget\" data-widget_type=\"image.default\">\n\t\t\t\t<div class=\"elementor-widget-container\">\n\t\t\t\t\t\t\t\t\t\t\t\t\t\t\t<img decoding=\"async\" width=\"535\" height=\"312\" src=\"https:\/\/autobusesaga.com\/wp-content\/uploads\/2025\/12\/rectangle51x.webp\" class=\"attachment-large size-large wp-image-1454\" alt=\"\" srcset=\"https:\/\/autobusesaga.com\/wp-content\/uploads\/2025\/12\/rectangle51x.webp 535w, https:\/\/autobusesaga.com\/wp-content\/uploads\/2025\/12\/rectangle51x-300x175.webp 300w\" sizes=\"(max-width: 535px) 100vw, 535px\" \/>\t\t\t\t\t\t\t\t\t\t\t\t\t\t\t<\/div>\n\t\t\t\t<\/div>\n\t\t\t\t<\/div>\n\t\t\t\t<\/div>\n\t\t\t\t\t<\/div>\n\t\t\t\t<\/div>\n\t\t<div class=\"elementor-element elementor-element-dbb57c7 e-flex e-con-boxed e-con e-parent\" data-id=\"dbb57c7\" data-element_type=\"container\">\n\t\t\t\t\t<div class=\"e-con-inner\">\n\t\t<div class=\"elementor-element elementor-element-4134598 e-con-full e-flex e-con e-child\" data-id=\"4134598\" data-element_type=\"container\">\n\t\t\t\t\t\t\t<h2 class=\"e-b2c767f-c6bfeec e-heading-base\"  >\n\t\t\tSOPORTE T\u00c9CNICO\n\t\t<\/h2>\n\t\t\t\t\t\t\t<h2 class=\"e-bdb24e3-76354f5 e-heading-base\"  >\n\t\t\tServicio post-venta especializado\n\t\t<\/h2>\n\t\t\t\t<\/div>\n\t\t<div class=\"elementor-element elementor-element-077fd97 e-grid e-con-full e-con e-child\" data-id=\"077fd97\" data-element_type=\"container\">\n\t\t<div class=\"elementor-element elementor-element-95dbd44 e-flex e-con-boxed e-con e-child\" data-id=\"95dbd44\" data-element_type=\"container\">\n\t\t\t\t\t<div class=\"e-con-inner\">\n\t\t<div class=\"elementor-element elementor-element-2a29cbf e-con-full e-flex e-con e-child\" data-id=\"2a29cbf\" data-element_type=\"container\" data-settings=\"{&quot;background_background&quot;:&quot;classic&quot;}\">\n\t\t\t\t<\/div>\n\t\t\t\t\t\t\t<h2 class=\"e-f841f98-e76dfdd e-heading-base\"  >\n\t\t\tMANTENIMIENTO PREVENTIVO\n\t\t<\/h2>\n\t\t\t\t<div class=\"elementor-element elementor-element-e517d1d elementor-widget elementor-widget-text-editor\" data-id=\"e517d1d\" data-element_type=\"widget\" data-widget_type=\"text-editor.default\">\n\t\t\t\t<div class=\"elementor-widget-container\">\n\t\t\t\t\t\t\t\t\t<ul role=\"list\"><li>Plan de mantenimiento programado.<\/li><li>Revisiones t\u00e9cnicas especializadas.<\/li><li>Asesor\u00eda en mejores pr\u00e1cticas operativas.<\/li><li>Seguimiento post-venta.<\/li><\/ul>\t\t\t\t\t\t\t\t<\/div>\n\t\t\t\t<\/div>\n\t\t\t\t\t<\/div>\n\t\t\t\t<\/div>\n\t\t<div class=\"elementor-element elementor-element-76833a4 e-con-full e-flex e-con e-child\" data-id=\"76833a4\" data-element_type=\"container\">\n\t\t<div class=\"elementor-element elementor-element-50c2539 e-con-full e-flex e-con e-child\" data-id=\"50c2539\" data-element_type=\"container\" data-settings=\"{&quot;background_background&quot;:&quot;classic&quot;}\">\n\t\t\t\t<\/div>\n\t\t\t\t\t\t\t<h2 class=\"e-54149ce-c5b69e2 e-heading-base\"  >\n\t\t\tGARANT\u00cdAS Y REPARACIONES\n\t\t<\/h2>\n\t\t\t\t<div class=\"elementor-element elementor-element-85e2710 elementor-widget elementor-widget-text-editor\" data-id=\"85e2710\" data-element_type=\"widget\" data-widget_type=\"text-editor.default\">\n\t\t\t\t<div class=\"elementor-widget-container\">\n\t\t\t\t\t\t\t\t\t<ul role=\"list\"><li>Diagn\u00f3stico t\u00e9cnico especializado.<\/li><li>Reparaciones con repuestos originales.<\/li><li>Servicio de Asistencia T\u00e9cnica M\u00f3vil.<\/li><\/ul>\t\t\t\t\t\t\t\t<\/div>\n\t\t\t\t<\/div>\n\t\t\t\t<\/div>\n\t\t<div class=\"elementor-element elementor-element-3d2050e e-con-full e-flex e-con e-child\" data-id=\"3d2050e\" data-element_type=\"container\">\n\t\t<div class=\"elementor-element elementor-element-4e8c31f e-con-full e-flex e-con e-child\" data-id=\"4e8c31f\" data-element_type=\"container\" data-settings=\"{&quot;background_background&quot;:&quot;classic&quot;}\">\n\t\t\t\t<\/div>\n\t\t\t\t\t\t\t<h2 class=\"e-a64df9a-32a66bc e-heading-base\"  >\n\t\t\tCAPACITACI\u00d3N T\u00c9CNICA\n\t\t<\/h2>\n\t\t\t\t<div class=\"elementor-element elementor-element-728aeb3 elementor-widget elementor-widget-text-editor\" data-id=\"728aeb3\" data-element_type=\"widget\" data-widget_type=\"text-editor.default\">\n\t\t\t\t<div class=\"elementor-widget-container\">\n\t\t\t\t\t\t\t\t\t<ul role=\"list\"><li>Ayudas audiovisuales para mantenimiento b\u00e1sico.<\/li><li>Videos de instrucci\u00f3n t\u00e9cnica del autocar.<\/li><\/ul>\t\t\t\t\t\t\t\t<\/div>\n\t\t\t\t<\/div>\n\t\t\t\t<\/div>\n\t\t\t\t<\/div>\n\t\t\t\t\t<\/div>\n\t\t\t\t<\/div>\n\t\t<div class=\"elementor-element elementor-element-095e77e e-flex e-con-boxed e-con e-parent\" data-id=\"095e77e\" data-element_type=\"container\">\n\t\t\t\t\t<div class=\"e-con-inner\">\n\t\t<div class=\"elementor-element elementor-element-18ccbcf e-grid e-con-full e-con e-child\" data-id=\"18ccbcf\" data-element_type=\"container\">\n\t\t<div class=\"elementor-element elementor-element-29b79a7 e-con-full e-flex e-con e-child\" data-id=\"29b79a7\" data-element_type=\"container\" data-settings=\"{&quot;background_background&quot;:&quot;classic&quot;}\">\n\t\t\t\t\t\t\t<h2 class=\"e-0177126-278ff6c e-heading-base\"  >\n\t\t\tDISPONIBILIDAD\nGARANTIZADA\n\t\t<\/h2>\n\t\t\t\t\t\t\t<h2 class=\"e-220289d-ac0c98c e-heading-base\"  >\n\t\t\tTiempos m\u00ednimos de despacho\n\t\t<\/h2>\n\t\t\t\t<\/div>\n\t\t\t\t<\/div>\n\t\t\t\t\t<\/div>\n\t\t\t\t<\/div>\n\t\t<div class=\"elementor-element elementor-element-90f47fb e-flex e-con-boxed e-con e-parent\" data-id=\"90f47fb\" data-element_type=\"container\">\n\t\t\t\t\t<div class=\"e-con-inner\">\n\t\t<div class=\"elementor-element elementor-element-eee089e e-con-full e-flex e-con e-child\" data-id=\"eee089e\" data-element_type=\"container\">\n\t\t\t\t\t\t\t<h2 class=\"e-775f641-5d6f008 e-heading-base\"  >\n\t\t\tContamos con un servicio integral para tu veh\u00edculo\n\t\t<\/h2>\n\t\t\t\t\t\t\t<h2 class=\"e-2357b77-561f5a1 e-heading-base\"  >\n\t\t\tEn AGA no solo fabricamos carrocer\u00edas de calidad...\n\u00a1Tambi\u00e9n cuidamos las tuyas como si fueran nuestras!\n\t\t<\/h2>\n\t\t\t\t<\/div>\n\t\t<div class=\"elementor-element elementor-element-eb5db97 e-con-full e-flex e-con e-child\" data-id=\"eb5db97\" data-element_type=\"container\">\n\t\t<div class=\"elementor-element elementor-element-d61cad5 e-grid e-con-full e-con e-child\" data-id=\"d61cad5\" data-element_type=\"container\">\n\t\t<div class=\"elementor-element elementor-element-c93ce2a e-con-full e-flex e-con e-child\" data-id=\"c93ce2a\" data-element_type=\"container\" data-settings=\"{&quot;background_background&quot;:&quot;classic&quot;}\">\n\t\t\t\t\t\t\t<h2 class=\"e-0cc4182-4c9b85d e-heading-base\"  >\n\t\t\t\u00bfTUVISTE COLISI\u00d3N?\n\t\t<\/h2>\n\t\t\t\t\t\t\t<h2 class=\"e-2aeb76f-65e395a e-heading-base\"  >\n\t\t\tNosotros te lo arreglamos\n\t\t<\/h2>\n\t\t\t\t<\/div>\n\t\t<div class=\"elementor-element elementor-element-a82cd77 e-con-full e-flex e-con e-child\" data-id=\"a82cd77\" data-element_type=\"container\" data-settings=\"{&quot;background_background&quot;:&quot;classic&quot;}\">\n\t\t\t\t\t\t\t<h2 class=\"e-3c01ba5-a0b19cc e-heading-base\"  >\n\t\t\t\u00bfNECESITAS REPUESTOS ORIGINALES?\n\t\t<\/h2>\n\t\t\t\t\t\t\t<h2 class=\"e-15d7010-d241abf e-heading-base\"  >\n\t\t\tLos tenemos\n\t\t<\/h2>\n\t\t\t\t<\/div>\n\t\t\t\t<\/div>\n\t\t<div class=\"elementor-element elementor-element-7d412f0 e-con-full e-flex e-con e-child\" data-id=\"7d412f0\" data-element_type=\"container\">\n\t\t\t\t\t\t\t<h2 class=\"e-833b518-8c00337 e-heading-base\"  >\n\t\t\tDale a tu veh\u00edculo el respaldo de verdaderos especialistas para tu autocar\n\t\t<\/h2>\n\t\t\t\t\t\t\t<h2 class=\"e-01fc18e-8086caf e-heading-base\"  >\n\t\t\tCuenta siempre con nosotros, tenemos asistencia t\u00e9cnica en Bogot\u00e1 y Medell\u00edn. \nServicio r\u00e1pido, confiable, con la mejor atenci\u00f3n y calidad que mereces.\n\t\t<\/h2>\n\t\t<div class=\"elementor-element elementor-element-f3082e3 e-grid e-con-full e-con e-child\" data-id=\"f3082e3\" data-element_type=\"container\">\n\t\t<div class=\"elementor-element elementor-element-951cc1a e-con-full e-flex e-con e-child\" data-id=\"951cc1a\" data-element_type=\"container\" data-settings=\"{&quot;background_background&quot;:&quot;classic&quot;}\">\n\t\t\t\t\t\t\t<h2 class=\"e-ed4b871-5a9bf94 e-heading-base\"  >\n\t\t\tEscr\u00edbenos\n\t\t<\/h2>\n\t\t\t\t\t\t\t<h2 class=\"e-94d84f3-a7808d5 e-heading-base\"  >\n\t\t\tposventa@autobusesaga.com\n\t\t<\/h2>\n\t\t\t\t<\/div>\n\t\t<div class=\"elementor-element elementor-element-c38e557 e-con-full e-flex e-con e-child\" data-id=\"c38e557\" data-element_type=\"container\" data-settings=\"{&quot;background_background&quot;:&quot;classic&quot;}\">\n\t\t\t\t\t\t\t<h2 class=\"e-3b80e24-bdbd5a9 e-heading-base\"  >\n\t\t\tLl\u00e1manos\n\t\t<\/h2>\n\t\t\t\t\t\t\t<h2 class=\"e-facbc60-0816979 e-heading-base\"  >\n\t\t\t3125860909\n\t\t<\/h2>\n\t\t\t\t<\/div>\n\t\t\t\t<\/div>\n\t\t\t\t\t\t\t<h2 class=\"e-ded9f83-450195b e-heading-base\"  >\n\t\t\tS\u00ed te queda mejor te esperamos en nuestra planta principal:\n\t\t<\/h2>\n\t\t\t\t\t\t\t<h2 class=\"e-f2a8194-309f01a e-heading-base\"  >\n\t\t\tCalle 2 # 2 - 20, Ciudadela Industrial Duitama o en nuestra sede comercial en el Terminal del Salitre, m\u00f3dulo 5, oficina 147.\n\t\t<\/h2>\n\t\t\t\t<\/div>\n\t\t\t\t<\/div>\n\t\t\t\t\t<\/div>\n\t\t\t\t<\/div>\n\t\t\t\t<\/div>\n\t\t","protected":false},"excerpt":{"rendered":"<p>FABRICACI\u00d3N Y ENSAMBLAJE DISE\u00d1O E INGENIER\u00cdA Metodolog\u00eda de dise\u00f1o estructurado. Evoluci\u00f3n constante de nuestros dise\u00f1os. Simulaci\u00f3n computacional de resistencia estructural [&hellip;]<\/p>\n","protected":false},"author":1,"featured_media":0,"parent":0,"menu_order":0,"comment_status":"closed","ping_status":"closed","template":"","meta":{"site-sidebar-layout":"no-sidebar","site-content-layout":"","ast-site-content-layout":"full-width-container","site-content-style":"default","site-sidebar-style":"default","ast-global-header-display":"disabled","ast-banner-title-visibility":"disabled","ast-main-header-display":"","ast-hfb-above-header-display":"","ast-hfb-below-header-display":"","ast-hfb-mobile-header-display":"","site-post-title":"","ast-breadcrumbs-content":"","ast-featured-img":"disabled","footer-sml-layout":"disabled","ast-disable-related-posts":"","theme-transparent-header-meta":"","adv-header-id-meta":"","stick-header-meta":"","header-above-stick-meta":"","header-main-stick-meta":"","header-below-stick-meta":"","astra-migrate-meta-layouts":"default","ast-page-background-enabled":"default","ast-page-background-meta":{"desktop":{"background-color":"var(--ast-global-color-5)","background-image":"","background-repeat":"repeat","background-position":"center center","background-size":"auto","background-attachment":"scroll","background-type":"","background-media":"","overlay-type":"","overlay-color":"","overlay-opacity":"","overlay-gradient":""},"tablet":{"background-color":"","background-image":"","background-repeat":"repeat","background-position":"center center","background-size":"auto","background-attachment":"scroll","background-type":"","background-media":"","overlay-type":"","overlay-color":"","overlay-opacity":"","overlay-gradient":""},"mobile":{"background-color":"","background-image":"","background-repeat":"repeat","background-position":"center center","background-size":"auto","background-attachment":"scroll","background-type":"","background-media":"","overlay-type":"","overlay-color":"","overlay-opacity":"","overlay-gradient":""}},"ast-content-background-meta":{"desktop":{"background-color":"var(--ast-global-color-4)","background-image":"","background-repeat":"repeat","background-position":"center center","background-size":"auto","background-attachment":"scroll","background-type":"","background-media":"","overlay-type":"","overlay-color":"","overlay-opacity":"","overlay-gradient":""},"tablet":{"background-color":"var(--ast-global-color-4)","background-image":"","background-repeat":"repeat","background-position":"center center","background-size":"auto","background-attachment":"scroll","background-type":"","background-media":"","overlay-type":"","overlay-color":"","overlay-opacity":"","overlay-gradient":""},"mobile":{"background-color":"var(--ast-global-color-4)","background-image":"","background-repeat":"repeat","background-position":"center center","background-size":"auto","background-attachment":"scroll","background-type":"","background-media":"","overlay-type":"","overlay-color":"","overlay-opacity":"","overlay-gradient":""}},"footnotes":""},"class_list":["post-1170","page","type-page","status-publish","hentry"],"_links":{"self":[{"href":"https:\/\/autobusesaga.com\/index.php?rest_route=\/wp\/v2\/pages\/1170","targetHints":{"allow":["GET"]}}],"collection":[{"href":"https:\/\/autobusesaga.com\/index.php?rest_route=\/wp\/v2\/pages"}],"about":[{"href":"https:\/\/autobusesaga.com\/index.php?rest_route=\/wp\/v2\/types\/page"}],"author":[{"embeddable":true,"href":"https:\/\/autobusesaga.com\/index.php?rest_route=\/wp\/v2\/users\/1"}],"replies":[{"embeddable":true,"href":"https:\/\/autobusesaga.com\/index.php?rest_route=%2Fwp%2Fv2%2Fcomments&post=1170"}],"version-history":[{"count":25,"href":"https:\/\/autobusesaga.com\/index.php?rest_route=\/wp\/v2\/pages\/1170\/revisions"}],"predecessor-version":[{"id":1637,"href":"https:\/\/autobusesaga.com\/index.php?rest_route=\/wp\/v2\/pages\/1170\/revisions\/1637"}],"wp:attachment":[{"href":"https:\/\/autobusesaga.com\/index.php?rest_route=%2Fwp%2Fv2%2Fmedia&parent=1170"}],"curies":[{"name":"wp","href":"https:\/\/api.w.org\/{rel}","templated":true}]}}